{"id":690,"date":"2021-08-23T15:55:36","date_gmt":"2021-08-23T22:55:36","guid":{"rendered":"https:\/\/www.comoxvalleyschools.ca\/ecole-puntledge-park-elementary\/?page_id=690"},"modified":"2025-06-25T09:42:04","modified_gmt":"2025-06-25T16:42:04","slug":"principals-message","status":"publish","type":"page","link":"https:\/\/www.comoxvalleyschools.ca\/ecole-puntledge-park-elementary\/principals-message\/","title":{"rendered":"Principal&#8217;s Message"},"content":{"rendered":"\n<style type=\"text\/css\" data-created_by=\"avia_inline_auto\" id=\"style-css-av-jm5j-37c4e5386eadd1a948a8a83d8bdae7ec\">\n.flex_column.av-jm5j-37c4e5386eadd1a948a8a83d8bdae7ec{\nborder-radius:0px 0px 0px 0px;\npadding:0px 0px 0px 0px;\n}\n<\/style>\n<div  class='flex_column av-jm5j-37c4e5386eadd1a948a8a83d8bdae7ec av_one_third  avia-builder-el-0  el_before_av_two_third  avia-builder-el-first  first flex_column_div av-zero-column-padding  '     ><style type=\"text\/css\" data-created_by=\"avia_inline_auto\" id=\"style-css-av-hlq1-b5c57ad1a6b272a9e4fd0454ee7d2869\">\n.avia-image-container.av-hlq1-b5c57ad1a6b272a9e4fd0454ee7d2869 img.avia_image{\nbox-shadow:none;\n}\n.avia-image-container.av-hlq1-b5c57ad1a6b272a9e4fd0454ee7d2869 .av-image-caption-overlay-center{\ncolor:#ffffff;\n}\n<\/style>\n<div  class='avia-image-container av-hlq1-b5c57ad1a6b272a9e4fd0454ee7d2869 av-styling- avia-align-center  avia-builder-el-1  avia-builder-el-no-sibling '   itemprop=\"image\" itemscope=\"itemscope\" itemtype=\"https:\/\/schema.org\/ImageObject\" ><div class=\"avia-image-container-inner\"><div class=\"avia-image-overlay-wrap\"><img decoding=\"async\" fetchpriority=\"high\" class='wp-image-648 avia-img-lazy-loading-not-648 avia_image ' src=\"https:\/\/www.comoxvalleyschools.ca\/ecole-puntledge-park-elementary\/wp-content\/uploads\/sites\/46\/2021\/08\/puntledge_from_road.jpg\" alt='' title='puntledge_from_road'  height=\"773\" width=\"452\"  itemprop=\"thumbnailUrl\" srcset=\"https:\/\/www.comoxvalleyschools.ca\/ecole-puntledge-park-elementary\/wp-content\/uploads\/sites\/46\/2021\/08\/puntledge_from_road.jpg 452w, https:\/\/www.comoxvalleyschools.ca\/ecole-puntledge-park-elementary\/wp-content\/uploads\/sites\/46\/2021\/08\/puntledge_from_road-175x300.jpg 175w, https:\/\/www.comoxvalleyschools.ca\/ecole-puntledge-park-elementary\/wp-content\/uploads\/sites\/46\/2021\/08\/puntledge_from_road-412x705.jpg 412w\" sizes=\"(max-width: 452px) 100vw, 452px\" \/><\/div><\/div><\/div><\/div>\n\n<style type=\"text\/css\" data-created_by=\"avia_inline_auto\" id=\"style-css-av-gtup-5d2b24cbdfaa8b122ce94e13a36a0b54\">\n.flex_column.av-gtup-5d2b24cbdfaa8b122ce94e13a36a0b54{\nborder-radius:0px 0px 0px 0px;\npadding:0px 0px 0px 0px;\n}\n<\/style>\n<div  class='flex_column av-gtup-5d2b24cbdfaa8b122ce94e13a36a0b54 av_two_third  avia-builder-el-2  el_after_av_one_third  avia-builder-el-last  flex_column_div av-zero-column-padding av-column-min-height-pc  '  data-av-column-min-height=\"{&quot;column-min-pc&quot;:&quot;49%&quot;,&quot;column-equal-height&quot;:false}\"   ><section  class='av_textblock_section av-krl1d1y7-d4da8a7cfa7eb846fab63402518d00e2 '   itemscope=\"itemscope\" itemtype=\"https:\/\/schema.org\/CreativeWork\" ><div class='avia_textblock'  itemprop=\"text\" ><h1>Principal&#8217;s Message<\/h1>\n<hr \/>\n<p>Welcome to <strong>\u00c9cole Puntledge Park Elementary School<\/strong> for another exciting year full of rich learning experiences.\u00a0 I look forward to greeting students, staff, parents, and community members for another school year!<\/p>\n<p>Bienvenue \u00e0 <strong>l&#8217;\u00e9cole Puntledge Park<\/strong> pour une autre ann\u00e9e scolaire remplie d&#8217;opportunit\u00e9s.\u00a0 J&#8217;ai bien h\u00e2te de revoir les \u00e9l\u00e8ves, le personnel, les parents et la communaut\u00e9 et de continuer \u00e0 contribuer au cachet sp\u00e9cial de cette merveilleuse \u00e9cole.<\/p>\n<p><strong>Christian Streit<\/strong>, Principal \/ Directeur<\/p>\n<\/div><\/section><\/div>\n","protected":false},"excerpt":{"rendered":"","protected":false},"author":9,"featured_media":0,"parent":0,"menu_order":0,"comment_status":"closed","ping_status":"closed","template":"","meta":{"_monsterinsights_skip_tracking":false,"_monsterinsights_sitenote_active":false,"_monsterinsights_sitenote_note":"","_monsterinsights_sitenote_category":0,"footnotes":""},"tags":[],"class_list":["post-690","page","type-page","status-publish","hentry"],"publishpress_future_action":{"enabled":false,"date":"2026-05-02 13:08:29","action":"change-status","newStatus":"draft","terms":[],"taxonomy":"post_tag","extraData":[]},"publishpress_future_workflow_manual_trigger":{"enabledWorkflows":[]},"_links":{"self":[{"href":"https:\/\/www.comoxvalleyschools.ca\/ecole-puntledge-park-elementary\/wp-json\/wp\/v2\/pages\/690","targetHints":{"allow":["GET"]}}],"collection":[{"href":"https:\/\/www.comoxvalleyschools.ca\/ecole-puntledge-park-elementary\/wp-json\/wp\/v2\/pages"}],"about":[{"href":"https:\/\/www.comoxvalleyschools.ca\/ecole-puntledge-park-elementary\/wp-json\/wp\/v2\/types\/page"}],"author":[{"embeddable":true,"href":"https:\/\/www.comoxvalleyschools.ca\/ecole-puntledge-park-elementary\/wp-json\/wp\/v2\/users\/9"}],"replies":[{"embeddable":true,"href":"https:\/\/www.comoxvalleyschools.ca\/ecole-puntledge-park-elementary\/wp-json\/wp\/v2\/comments?post=690"}],"version-history":[{"count":9,"href":"https:\/\/www.comoxvalleyschools.ca\/ecole-puntledge-park-elementary\/wp-json\/wp\/v2\/pages\/690\/revisions"}],"predecessor-version":[{"id":740,"href":"https:\/\/www.comoxvalleyschools.ca\/ecole-puntledge-park-elementary\/wp-json\/wp\/v2\/pages\/690\/revisions\/740"}],"wp:attachment":[{"href":"https:\/\/www.comoxvalleyschools.ca\/ecole-puntledge-park-elementary\/wp-json\/wp\/v2\/media?parent=690"}],"wp:term":[{"taxonomy":"post_tag","embeddable":true,"href":"https:\/\/www.comoxvalleyschools.ca\/ecole-puntledge-park-elementary\/wp-json\/wp\/v2\/tags?post=690"}],"curies":[{"name":"wp","href":"https:\/\/api.w.org\/{rel}","templated":true}]}}