{"id":2632,"date":"2021-10-27T14:20:24","date_gmt":"2021-10-27T21:20:24","guid":{"rendered":"https:\/\/www.comoxvalleyschools.ca\/indigenous-education\/?page_id=2632"},"modified":"2025-10-14T13:42:09","modified_gmt":"2025-10-14T20:42:09","slug":"weaving","status":"publish","type":"page","link":"https:\/\/www.comoxvalleyschools.ca\/indigenous-education\/weaving\/","title":{"rendered":"Weaving"},"content":{"rendered":"<div  class='flex_column av-25fh83-231b1bdfcb0734a8438f1bead70a344d av_one_full  avia-builder-el-0  avia-builder-el-no-sibling  first flex_column_div  '     ><section  class='av_textblock_section av-kv9r33bx-8be93f0693c9700015f90b7779febc6e '   itemscope=\"itemscope\" itemtype=\"https:\/\/schema.org\/CreativeWork\" ><div class='avia_textblock'  itemprop=\"text\" ><h2>Weaving<\/h2>\n<hr \/>\n<h3>\u200b\u200b\u200bIntroduction Lessons for Cedar Weaving\u200b<\/h3>\n<ul>\n<li><a href=\"https:\/\/www.comoxvalleyschools.ca\/indigenous-education\/wp-content\/uploads\/sites\/25\/2021\/05\/Introductory-Lesson-for-Weaving.pdf\">Introductory Lesson for Weaving<\/a><\/li>\n<li><a href=\"https:\/\/www.comoxvalleyschools.ca\/indigenous-education\/wp-content\/uploads\/sites\/25\/2021\/05\/Weaving-I-Think-Notice-Wonder-Mat.pdf\">Weaving I Think Notice Wonder Mat<\/a><\/li>\n<\/ul>\n<h3>Toni Frank &#8211; First Nation Cultural Art Showcase<\/h3>\n<p>Toni describes her love and passion for art and cedar weaving. Toni is a member of the K&#8217;omoks and Sechelt First Nation.<\/p>\n<div class='avia-iframe-wrap'><iframe loading=\"lazy\" title=\"Toni Frank - First Nation Cultural Art Showcase\" width=\"1500\" height=\"844\" src=\"https:\/\/www.youtube.com\/embed\/zMSl6kqUA7w?feature=oembed\" frameborder=\"0\" allow=\"accelerometer; autoplay; clipboard-write; encrypted-media; gyroscope; picture-in-picture; web-share\" referrerpolicy=\"strict-origin-when-cross-origin\" allowfullscreen><\/iframe><\/div>\n<h3><a href=\"https:\/\/www.nfb.ca\/film\/story_of_the_coast_salish_knitters\/\">The Story of the Coast Salish Knitters\u200b\u200b<\/a><\/h3>\n<p><a href=\"https:\/\/www.nfb.ca\/film\/story_of_the_coast_salish_knitters\/\"><img loading=\"lazy\" decoding=\"async\" class=\"alignnone wp-image-913\" src=\"https:\/\/www.comoxvalleyschools.ca\/indigenous-education\/wp-content\/uploads\/sites\/25\/2021\/05\/Story-of-the-Coast-Salish-Knitters.png\" alt=\"\" width=\"576\" height=\"328\" srcset=\"https:\/\/www.comoxvalleyschools.ca\/indigenous-education\/wp-content\/uploads\/sites\/25\/2021\/05\/Story-of-the-Coast-Salish-Knitters.png 984w, https:\/\/www.comoxvalleyschools.ca\/indigenous-education\/wp-content\/uploads\/sites\/25\/2021\/05\/Story-of-the-Coast-Salish-Knitters-300x171.png 300w, https:\/\/www.comoxvalleyschools.ca\/indigenous-education\/wp-content\/uploads\/sites\/25\/2021\/05\/Story-of-the-Coast-Salish-Knitters-768x437.png 768w, https:\/\/www.comoxvalleyschools.ca\/indigenous-education\/wp-content\/uploads\/sites\/25\/2021\/05\/Story-of-the-Coast-Salish-Knitters-705x401.png 705w\" sizes=\"auto, (max-width: 576px) 100vw, 576px\" \/><\/a><\/p>\n<p>For almost a century, the Coast Salish knitters of southern Vancouver Island have produced Cowichan sweaters from handspun wool. These distinctive sweaters are known and loved around the world, but the Indigenous women who make them remain largely invisible. Combining rare archival footage with the voices of three generations of woolworkers, The Story of the Coast Salish Knitters tells the tale of unsung heroines&#8211;resourceful women who knit to put food on the table and keep their families alive. Written and directed by M\u00e9tis filmmaker Christine Welsh, this is a story of courage and cultural transformation&#8211;a celebration of the threads that connect the past to the future.<\/p>\n<p><a href=\"https:\/\/vancouverisland.ctvnews.ca\/archaeological-find-shows-3-000-year-relationship-between-dogs-and-b-c-first-nation-1.5147342\">Archaeological find shows 3,000-year relationship between dogs and B.C. First Nation<\/a><\/p>\n<p>CTV News: VICTORIA &#8212; Humans have a long relationship with dogs, but now after a recent archaeological dig in the Broken Group Islands on the west coast of Vancouver Island, we\u2019re beginning to understand how far back that relationship actually goes. The number is quite staggering.<\/p>\n<p>Remains of an ancient woolly dog breed were unearthed in 2018 during an archaeological dig at an ancient Tseshaht First Nation settlement on Keith Island.<\/p>\n<ul>\n<li><a href=\"https:\/\/www.comoxvalleyschools.ca\/indigenous-education\/wp-content\/uploads\/sites\/25\/2021\/05\/Coast-Salish-Wool-and-Dog-Information.pdf\">Coast Salish Wool and Dog Information<\/a><\/li>\n<li><a href=\"https:\/\/www.comoxvalleyschools.ca\/indigenous-education\/wp-content\/uploads\/sites\/25\/2021\/05\/Weaving-Lessons-Intermediate.pdf\">Weaving Lessons Intermediate<\/a><\/li>\n<\/ul>\n<p><img loading=\"lazy\" decoding=\"async\" class=\"alignnone size-full wp-image-916\" src=\"https:\/\/www.comoxvalleyschools.ca\/indigenous-education\/wp-content\/uploads\/sites\/25\/2021\/05\/TimeImmemorial.jpg\" alt=\"\" width=\"653\" height=\"435\" srcset=\"https:\/\/www.comoxvalleyschools.ca\/indigenous-education\/wp-content\/uploads\/sites\/25\/2021\/05\/TimeImmemorial.jpg 653w, https:\/\/www.comoxvalleyschools.ca\/indigenous-education\/wp-content\/uploads\/sites\/25\/2021\/05\/TimeImmemorial-300x200.jpg 300w\" sizes=\"auto, (max-width: 653px) 100vw, 653px\" \/><\/p>\n<p>&#8220;A Journey Into Time Immemorial is an original creation of the SFU Museum of Anthropology and Ethnology with active participation from local Sto:lo Elders and knowledge keepers. It was originally a Virtual Museum of the Sto:lo people. Given it was created in 2008, the program platform became outdated. This valuable resource is now offline. SFU did give permission to download the information, thus to save as much of it as we could. This page is an archive of information from this website to be used for educational purposes.&#8221;<\/p>\n<h3>Cedar Weaving<\/h3>\n<h4>Harvesting Cedar<\/h4>\n<p>Special Note: There are protocols that go with collecting cedar bark. Some things to consider about cedar collection is that the people who collect cedar are from the local nation, have been taught from an elder, know how and when to do this without harming the tree in that specific area. Cedar is considered sacred for many.<\/p>\n<div class='avia-iframe-wrap'><iframe loading=\"lazy\" title=\"Cedar bark harvesting\" src=\"https:\/\/player.vimeo.com\/video\/128505634?dnt=1&amp;app_id=122963\" width=\"1500\" height=\"844\" frameborder=\"0\" allow=\"autoplay; fullscreen; picture-in-picture; clipboard-write; encrypted-media; web-share\" referrerpolicy=\"strict-origin-when-cross-origin\"><\/iframe><\/div>\n<p><a href=\"https:\/\/vimeo.com\/128505634\">Cedar bark harvesting<\/a> from <a href=\"https:\/\/vimeo.com\/lonniewishart\">Lonnie Wishart<\/a> on <a href=\"https:\/\/vimeo.com\/\">Vimeo<\/a>.<\/p>\n<h3>Cedar Weaving &#8211; Squamish Lil&#8217;wat Cultural Centre<\/h3>\n<p>Watch as Q\u00faQ\u00fa H\u00e9y Y\u00f3\u00f3ch &#8212; &#8220;Bernadine Billy&#8221;, Txwolt&#8217;malh &#8212; &#8220;Holly Joseph&#8221; and n\u0313\u00e1n\u0313attw Nkak\u00fasene &#8212; &#8220;Tanina Williams&#8221; work with inner cedar bark, a simple yet effect craft that all guests have the opportunity to practice and take home with them.<\/p>\n<div class='avia-iframe-wrap'><iframe loading=\"lazy\" title=\"Cedar Weaving - Squamish Lil&#039;wat Cultural Centre\" width=\"1500\" height=\"844\" src=\"https:\/\/www.youtube.com\/embed\/Ybfaf2pQJ4U?feature=oembed\" frameborder=\"0\" allow=\"accelerometer; autoplay; clipboard-write; encrypted-media; gyroscope; picture-in-picture; web-share\" referrerpolicy=\"strict-origin-when-cross-origin\" allowfullscreen><\/iframe><\/div>\n<h3>Story of Cedar, Cedar Hat Weaving &amp; Bark Pulling Cowichan Coast Salish<\/h3>\n<p>From the moment of birth to the time of passing, cedar has traditionally played a vital role in the life of the First People of the Pacific Northwest.<\/p>\n<p>This 30min documentary tells the story of cedar, how the bark is stripped from the cedar tree and prepared for cedar weaving (hats) and discusses the art of cedar weaving and the effect this workshop had on the participants. The project was facilitated by Maria Sampson. The video was produced by Louise McMurray and the Cowichan Aboriginal Film Festival and directed, shot and edited by Phil Ives.<\/p>\n<div class='avia-iframe-wrap'><iframe loading=\"lazy\" title=\"Story of Cedar, Cedar Hat Weaving &amp; Bark Pulling  Cowichan Coast Salish\" width=\"1500\" height=\"844\" src=\"https:\/\/www.youtube.com\/embed\/95rPwCDHOCE?feature=oembed\" frameborder=\"0\" allow=\"accelerometer; autoplay; clipboard-write; encrypted-media; gyroscope; picture-in-picture; web-share\" referrerpolicy=\"strict-origin-when-cross-origin\" allowfullscreen><\/iframe><\/div>\n<\/div><\/section><\/div>\n","protected":false},"excerpt":{"rendered":"","protected":false},"author":9,"featured_media":0,"parent":0,"menu_order":0,"comment_status":"closed","ping_status":"closed","template":"","meta":{"_monsterinsights_skip_tracking":false,"_monsterinsights_sitenote_active":false,"_monsterinsights_sitenote_note":"","_monsterinsights_sitenote_category":0,"footnotes":""},"tags":[],"class_list":["post-2632","page","type-page","status-publish","hentry"],"publishpress_future_action":{"enabled":false,"date":"2026-04-28 03:20:33","action":"change-status","newStatus":"draft","terms":[],"taxonomy":"post_tag","extraData":[]},"publishpress_future_workflow_manual_trigger":{"enabledWorkflows":[]},"_links":{"self":[{"href":"https:\/\/www.comoxvalleyschools.ca\/indigenous-education\/wp-json\/wp\/v2\/pages\/2632","targetHints":{"allow":["GET"]}}],"collection":[{"href":"https:\/\/www.comoxvalleyschools.ca\/indigenous-education\/wp-json\/wp\/v2\/pages"}],"about":[{"href":"https:\/\/www.comoxvalleyschools.ca\/indigenous-education\/wp-json\/wp\/v2\/types\/page"}],"author":[{"embeddable":true,"href":"https:\/\/www.comoxvalleyschools.ca\/indigenous-education\/wp-json\/wp\/v2\/users\/9"}],"replies":[{"embeddable":true,"href":"https:\/\/www.comoxvalleyschools.ca\/indigenous-education\/wp-json\/wp\/v2\/comments?post=2632"}],"version-history":[{"count":4,"href":"https:\/\/www.comoxvalleyschools.ca\/indigenous-education\/wp-json\/wp\/v2\/pages\/2632\/revisions"}],"predecessor-version":[{"id":5674,"href":"https:\/\/www.comoxvalleyschools.ca\/indigenous-education\/wp-json\/wp\/v2\/pages\/2632\/revisions\/5674"}],"wp:attachment":[{"href":"https:\/\/www.comoxvalleyschools.ca\/indigenous-education\/wp-json\/wp\/v2\/media?parent=2632"}],"wp:term":[{"taxonomy":"post_tag","embeddable":true,"href":"https:\/\/www.comoxvalleyschools.ca\/indigenous-education\/wp-json\/wp\/v2\/tags?post=2632"}],"curies":[{"name":"wp","href":"https:\/\/api.w.org\/{rel}","templated":true}]}}