{"id":4368,"date":"2022-12-07T12:39:30","date_gmt":"2022-12-07T20:39:30","guid":{"rendered":"https:\/\/www.comoxvalleyschools.ca\/indigenous-education\/?page_id=4368"},"modified":"2024-06-28T14:26:03","modified_gmt":"2024-06-28T21:26:03","slug":"meet-natasha-rainkie","status":"publish","type":"page","link":"https:\/\/www.comoxvalleyschools.ca\/indigenous-education\/meet-our-staff\/meet-natasha-rainkie\/","title":{"rendered":"Meet Natasha Rainkie"},"content":{"rendered":"<div  class='flex_column av-79uwro-fe8bfa157f22a047eac9aa18576cd118 av_one_third  avia-builder-el-0  el_before_av_two_third  avia-builder-el-first  first flex_column_div  '     ><style type=\"text\/css\" data-created_by=\"avia_inline_auto\" id=\"style-css-av-5xcq44-796d96d7e2350d695278b57321b6d6ca\">\n.avia-image-container.av-5xcq44-796d96d7e2350d695278b57321b6d6ca img.avia_image{\nbox-shadow:none;\n}\n.avia-image-container.av-5xcq44-796d96d7e2350d695278b57321b6d6ca .av-image-caption-overlay-center{\ncolor:#ffffff;\n}\n<\/style>\n<div  class='avia-image-container av-5xcq44-796d96d7e2350d695278b57321b6d6ca av-styling- avia-align-center  avia-builder-el-1  avia-builder-el-no-sibling  av-has-copyright av-copyright-icon-reveal'   itemprop=\"image\" itemscope=\"itemscope\" itemtype=\"https:\/\/schema.org\/ImageObject\" ><div class=\"avia-image-container-inner\"><div class=\"avia-image-overlay-wrap\"><img decoding=\"async\" fetchpriority=\"high\" class='wp-image-4383 avia-img-lazy-loading-not-4383 avia_image ' src=\"https:\/\/www.comoxvalleyschools.ca\/indigenous-education\/wp-content\/uploads\/sites\/25\/2022\/12\/Natasha-1030x691.png\" alt='' title='Natasha'  height=\"691\" width=\"1030\"  itemprop=\"thumbnailUrl\" srcset=\"https:\/\/www.comoxvalleyschools.ca\/indigenous-education\/wp-content\/uploads\/sites\/25\/2022\/12\/Natasha-1030x691.png 1030w, https:\/\/www.comoxvalleyschools.ca\/indigenous-education\/wp-content\/uploads\/sites\/25\/2022\/12\/Natasha-300x201.png 300w, https:\/\/www.comoxvalleyschools.ca\/indigenous-education\/wp-content\/uploads\/sites\/25\/2022\/12\/Natasha-768x516.png 768w, https:\/\/www.comoxvalleyschools.ca\/indigenous-education\/wp-content\/uploads\/sites\/25\/2022\/12\/Natasha-705x473.png 705w, https:\/\/www.comoxvalleyschools.ca\/indigenous-education\/wp-content\/uploads\/sites\/25\/2022\/12\/Natasha.png 1430w\" sizes=\"(max-width: 1030px) 100vw, 1030px\" \/><\/div><small class=\"avia-copyright\">Natasha Rainkie<span class='avia-svg-icon avia-font-svg_entypo-fontello' data-av_svg_icon='info' data-av_iconset='svg_entypo-fontello'><svg version=\"1.1\" xmlns=\"http:\/\/www.w3.org\/2000\/svg\" width=\"15\" height=\"32\" viewBox=\"0 0 15 32\" preserveAspectRatio=\"xMidYMid meet\" aria-labelledby='av-svg-title-1' aria-describedby='av-svg-desc-1' role=\"graphics-symbol\">\n<title id='av-svg-title-1'>Info<\/title>\n<desc id='av-svg-desc-1'>Info<\/desc>\n<path d=\"M11.264 0q1.536 0 2.368 0.864t0.832 2.208q0 1.6-1.248 2.816t-3.040 1.216q-1.536 0-2.368-0.832t-0.768-2.304q0-1.472 1.12-2.72t3.104-1.248zM4.672 32q-3.2 0-1.728-5.696l1.92-8.128q0.448-1.792 0-1.792-0.384 0-1.728 0.576t-2.304 1.216l-0.832-1.408q2.88-2.496 6.048-4.032t4.832-1.536q2.496 0 1.152 5.184l-2.24 8.512q-0.512 2.048 0.192 2.048 1.408 0 3.776-1.92l0.96 1.28q-2.688 2.752-5.6 4.224t-4.448 1.472z\"><\/path>\n<\/svg><\/span><\/small><\/div><\/div><\/div>\n<div  class='flex_column av-3jyitg-7dc9ae7bfd938e99ea6724cb93b8e8b1 av_two_third  avia-builder-el-2  el_after_av_one_third  avia-builder-el-last  flex_column_div  '     ><section  class='av_textblock_section av-9zhas-e6486a127bea8788a714ce30e4003b73 '   itemscope=\"itemscope\" itemtype=\"https:\/\/schema.org\/CreativeWork\" ><div class='avia_textblock'  itemprop=\"text\" ><p>D\u00e0-\u0144-ch\u02bce? \u00c1y\u012fzh\u00ec Natasha \u00f9ye. Hello, my name is Natasha Rainkie, and I am a proud Khanjet (Crow Clan) member of the Kluane First Nation. Our traditional territory is along the Kluane Lake in the Yukon, and I am a descendant of Southern Tutchone speakers. I also have Irish ancestry that comes from my Father\u2019s side. I\u2019ve spent most of my life on the traditional territory of the St\u00f3:l\u014d Nation in Chilliwack, where I had the privilege of raising my family.<\/p>\n<p>My educational journey began in 2007, and throughout its peaks and valleys I came to understand that Indigenous Education is my passion. For me, relationships are at the heart of everything I do. Relationships with my family, friends, students, colleagues, and the land are all central to my wellbeing, guiding my actions and fostering a deep sense of responsibility towards others and to the natural world.<\/p>\n<p>Within the Comox Valley School District, I have the honor of working as the K-12 K\u2019\u00f3moks First Nation Success Teacher. One of my favourite ways to connect with others is through storytelling or laughter, so please do not hesitate to reach out if you are looking for either.<\/p>\n<p>Sh\u00e4\u0300w n\u00edth\u00e4n \u2013 Gilakas\u2019la \u2013 Thank You.<\/p>\n<\/div><\/section><\/div>\n","protected":false},"excerpt":{"rendered":"","protected":false},"author":32,"featured_media":0,"parent":695,"menu_order":0,"comment_status":"closed","ping_status":"closed","template":"","meta":{"_monsterinsights_skip_tracking":false,"_monsterinsights_sitenote_active":false,"_monsterinsights_sitenote_note":"","_monsterinsights_sitenote_category":0,"footnotes":""},"tags":[],"class_list":["post-4368","page","type-page","status-publish","hentry"],"publishpress_future_action":{"enabled":false,"date":"2026-04-16 13:10:53","action":"change-status","newStatus":"draft","terms":[],"taxonomy":"post_tag","extraData":[]},"publishpress_future_workflow_manual_trigger":{"enabledWorkflows":[]},"_links":{"self":[{"href":"https:\/\/www.comoxvalleyschools.ca\/indigenous-education\/wp-json\/wp\/v2\/pages\/4368","targetHints":{"allow":["GET"]}}],"collection":[{"href":"https:\/\/www.comoxvalleyschools.ca\/indigenous-education\/wp-json\/wp\/v2\/pages"}],"about":[{"href":"https:\/\/www.comoxvalleyschools.ca\/indigenous-education\/wp-json\/wp\/v2\/types\/page"}],"author":[{"embeddable":true,"href":"https:\/\/www.comoxvalleyschools.ca\/indigenous-education\/wp-json\/wp\/v2\/users\/32"}],"replies":[{"embeddable":true,"href":"https:\/\/www.comoxvalleyschools.ca\/indigenous-education\/wp-json\/wp\/v2\/comments?post=4368"}],"version-history":[{"count":8,"href":"https:\/\/www.comoxvalleyschools.ca\/indigenous-education\/wp-json\/wp\/v2\/pages\/4368\/revisions"}],"predecessor-version":[{"id":5054,"href":"https:\/\/www.comoxvalleyschools.ca\/indigenous-education\/wp-json\/wp\/v2\/pages\/4368\/revisions\/5054"}],"up":[{"embeddable":true,"href":"https:\/\/www.comoxvalleyschools.ca\/indigenous-education\/wp-json\/wp\/v2\/pages\/695"}],"wp:attachment":[{"href":"https:\/\/www.comoxvalleyschools.ca\/indigenous-education\/wp-json\/wp\/v2\/media?parent=4368"}],"wp:term":[{"taxonomy":"post_tag","embeddable":true,"href":"https:\/\/www.comoxvalleyschools.ca\/indigenous-education\/wp-json\/wp\/v2\/tags?post=4368"}],"curies":[{"name":"wp","href":"https:\/\/api.w.org\/{rel}","templated":true}]}}