{"id":6001,"date":"2025-12-19T14:20:56","date_gmt":"2025-12-19T22:20:56","guid":{"rendered":"https:\/\/www.comoxvalleyschools.ca\/indigenous-education\/?page_id=6001"},"modified":"2025-12-19T14:21:04","modified_gmt":"2025-12-19T22:21:04","slug":"meet-tyler-lowe","status":"publish","type":"page","link":"https:\/\/www.comoxvalleyschools.ca\/indigenous-education\/meet-our-staff\/meet-tyler-lowe\/","title":{"rendered":"Meet Tyler Lowe"},"content":{"rendered":"<div  class='flex_column av-79uwro-fe8bfa157f22a047eac9aa18576cd118 av_one_third  avia-builder-el-0  el_before_av_two_third  avia-builder-el-first  first flex_column_div  '     ><style type=\"text\/css\" data-created_by=\"avia_inline_auto\" id=\"style-css-av-5xcq44-778987ee04ec9f869446d57f606a0ea0\">\n.avia-image-container.av-5xcq44-778987ee04ec9f869446d57f606a0ea0 img.avia_image{\nbox-shadow:none;\n}\n.avia-image-container.av-5xcq44-778987ee04ec9f869446d57f606a0ea0 .av-image-caption-overlay-center{\ncolor:#ffffff;\n}\n<\/style>\n<div  class='avia-image-container av-5xcq44-778987ee04ec9f869446d57f606a0ea0 av-styling- avia-align-center  avia-builder-el-1  avia-builder-el-no-sibling '   itemprop=\"image\" itemscope=\"itemscope\" itemtype=\"https:\/\/schema.org\/ImageObject\" ><div class=\"avia-image-container-inner\"><div class=\"avia-image-overlay-wrap\"><img decoding=\"async\" fetchpriority=\"high\" class='wp-image-6002 avia-img-lazy-loading-not-6002 avia_image ' src=\"https:\/\/www.comoxvalleyschools.ca\/indigenous-education\/wp-content\/uploads\/sites\/25\/2025\/12\/Tyler-Lowe-169x300.png\" alt='' title='Tyler Lowe'  height=\"300\" width=\"169\"  itemprop=\"thumbnailUrl\" srcset=\"https:\/\/www.comoxvalleyschools.ca\/indigenous-education\/wp-content\/uploads\/sites\/25\/2025\/12\/Tyler-Lowe-169x300.png 169w, https:\/\/www.comoxvalleyschools.ca\/indigenous-education\/wp-content\/uploads\/sites\/25\/2025\/12\/Tyler-Lowe-579x1030.png 579w, https:\/\/www.comoxvalleyschools.ca\/indigenous-education\/wp-content\/uploads\/sites\/25\/2025\/12\/Tyler-Lowe-768x1365.png 768w, https:\/\/www.comoxvalleyschools.ca\/indigenous-education\/wp-content\/uploads\/sites\/25\/2025\/12\/Tyler-Lowe-864x1536.png 864w, https:\/\/www.comoxvalleyschools.ca\/indigenous-education\/wp-content\/uploads\/sites\/25\/2025\/12\/Tyler-Lowe-1152x2048.png 1152w, https:\/\/www.comoxvalleyschools.ca\/indigenous-education\/wp-content\/uploads\/sites\/25\/2025\/12\/Tyler-Lowe-844x1500.png 844w, https:\/\/www.comoxvalleyschools.ca\/indigenous-education\/wp-content\/uploads\/sites\/25\/2025\/12\/Tyler-Lowe-397x705.png 397w, https:\/\/www.comoxvalleyschools.ca\/indigenous-education\/wp-content\/uploads\/sites\/25\/2025\/12\/Tyler-Lowe.png 1242w\" sizes=\"(max-width: 169px) 100vw, 169px\" \/><\/div><\/div><\/div><\/div><div  class='flex_column av-3jyitg-7dc9ae7bfd938e99ea6724cb93b8e8b1 av_two_third  avia-builder-el-2  el_after_av_one_third  avia-builder-el-last  flex_column_div  '     ><section  class='av_textblock_section av-9zhas-f561e1de4a02935d55c2d8e484bd43bb '   itemscope=\"itemscope\" itemtype=\"https:\/\/schema.org\/CreativeWork\" ><div class='avia_textblock'  itemprop=\"text\" ><p>Ey\u00a0Swayel, my name is Tyler Lowe. My ancestry is Coast Salish from the\u00a0Xwch\u00edy\u00f2:m, Chow\u00e9thel, and\u00a0Pil\u2019alt\u00a0tribes, along with Scottish and British Roots. I am deeply grateful for my role as an ISW, where I strive to meet students where they are and provide a safe, supportive space for them to thrive. I place\u00a0great value\u00a0on building trusting relationships, uplifting students through challenges and transitions, celebrating their successes, and helping create\u00a0a strong foundation\u00a0of resources and support when\u00a0it\u2019s\u00a0needed most. I look forward to connecting with you all and wish you an\u00a0incredible\u00a0year ahead.<\/p>\n<\/div><\/section><\/div>\n","protected":false},"excerpt":{"rendered":"","protected":false},"author":32,"featured_media":0,"parent":695,"menu_order":0,"comment_status":"closed","ping_status":"closed","template":"","meta":{"_monsterinsights_skip_tracking":false,"_monsterinsights_sitenote_active":false,"_monsterinsights_sitenote_note":"","_monsterinsights_sitenote_category":0,"footnotes":""},"tags":[],"class_list":["post-6001","page","type-page","status-publish","hentry"],"publishpress_future_action":{"enabled":false,"date":"2026-04-16 11:57:33","action":"change-status","newStatus":"draft","terms":[],"taxonomy":"post_tag","extraData":[]},"publishpress_future_workflow_manual_trigger":{"enabledWorkflows":[]},"_links":{"self":[{"href":"https:\/\/www.comoxvalleyschools.ca\/indigenous-education\/wp-json\/wp\/v2\/pages\/6001","targetHints":{"allow":["GET"]}}],"collection":[{"href":"https:\/\/www.comoxvalleyschools.ca\/indigenous-education\/wp-json\/wp\/v2\/pages"}],"about":[{"href":"https:\/\/www.comoxvalleyschools.ca\/indigenous-education\/wp-json\/wp\/v2\/types\/page"}],"author":[{"embeddable":true,"href":"https:\/\/www.comoxvalleyschools.ca\/indigenous-education\/wp-json\/wp\/v2\/users\/32"}],"replies":[{"embeddable":true,"href":"https:\/\/www.comoxvalleyschools.ca\/indigenous-education\/wp-json\/wp\/v2\/comments?post=6001"}],"version-history":[{"count":2,"href":"https:\/\/www.comoxvalleyschools.ca\/indigenous-education\/wp-json\/wp\/v2\/pages\/6001\/revisions"}],"predecessor-version":[{"id":6004,"href":"https:\/\/www.comoxvalleyschools.ca\/indigenous-education\/wp-json\/wp\/v2\/pages\/6001\/revisions\/6004"}],"up":[{"embeddable":true,"href":"https:\/\/www.comoxvalleyschools.ca\/indigenous-education\/wp-json\/wp\/v2\/pages\/695"}],"wp:attachment":[{"href":"https:\/\/www.comoxvalleyschools.ca\/indigenous-education\/wp-json\/wp\/v2\/media?parent=6001"}],"wp:term":[{"taxonomy":"post_tag","embeddable":true,"href":"https:\/\/www.comoxvalleyschools.ca\/indigenous-education\/wp-json\/wp\/v2\/tags?post=6001"}],"curies":[{"name":"wp","href":"https:\/\/api.w.org\/{rel}","templated":true}]}}