{"id":1642,"date":"2021-08-11T10:54:42","date_gmt":"2021-08-11T17:54:42","guid":{"rendered":"https:\/\/www.comoxvalleyschools.ca\/mark-isfeld-secondary\/?page_id=1642"},"modified":"2024-06-18T14:27:11","modified_gmt":"2024-06-18T21:27:11","slug":"french-immersion-program","status":"publish","type":"page","link":"https:\/\/www.comoxvalleyschools.ca\/mark-isfeld-secondary\/french-immersion-program\/","title":{"rendered":"French Immersion Program"},"content":{"rendered":"<div  class='flex_column av-5u5enu-bf68e7ea58b634ae5046a35d577dc3d2 av_one_third  avia-builder-el-0  el_before_av_two_third  avia-builder-el-first  first flex_column_div  '     ><style type=\"text\/css\" data-created_by=\"avia_inline_auto\" id=\"style-css-av-4jt0xm-147e2eb5e38bc7122e0803a57d156794\">\n.avia-image-container.av-4jt0xm-147e2eb5e38bc7122e0803a57d156794 img.avia_image{\nbox-shadow:none;\n}\n.avia-image-container.av-4jt0xm-147e2eb5e38bc7122e0803a57d156794 .av-image-caption-overlay-center{\ncolor:#ffffff;\n}\n<\/style>\n<div  class='avia-image-container av-4jt0xm-147e2eb5e38bc7122e0803a57d156794 av-styling- avia-align-center  avia-builder-el-1  avia-builder-el-no-sibling '   itemprop=\"image\" itemscope=\"itemscope\" itemtype=\"https:\/\/schema.org\/ImageObject\" ><div class=\"avia-image-container-inner\"><div class=\"avia-image-overlay-wrap\"><img decoding=\"async\" fetchpriority=\"high\" class='wp-image- avia-img-lazy-loading-not- avia_image ' src=\"https:\/\/www.comoxvalleyschools.ca\/mark-isfeld-secondary\/wp-content\/uploads\/sites\/44\/2021\/08\/Quebec_Horse_Carriage.jpg\" alt='' title=''   itemprop=\"thumbnailUrl\"  \/><\/div><\/div><\/div><\/div>\n<div  class='flex_column av-2dmt7e-7a254c3a157df27be27500a1c8411afa av_two_third  avia-builder-el-2  el_after_av_one_third  avia-builder-el-last  flex_column_div  '     ><section  class='av_textblock_section av-ks7slfgq-5d8923d87cf9889a3d24251ba6dcb995 '   itemscope=\"itemscope\" itemtype=\"https:\/\/schema.org\/CreativeWork\" ><div class='avia_textblock'  itemprop=\"text\" ><h1>French Immersion Program<\/h1>\n<hr \/>\n<p><strong>What is French Immersion?<\/strong><\/p>\n<p>We are very proud to offer a French Immersion program in School District 71. Mark R. Isfeld is a dual track secondary school which hosts this program through grades 8 to 12. We are the only school in the district offering the secondary level French Immersion program. Students entering our school come from both Early (Kindergarten start) and Late (Grade 6 start) French Immersion programs at Ecole Robb Road and Ecole Puntledge Park. Currently, approximately half of our school\u2019s population is in the French Immersion program.<\/p>\n<p>The French Immersion program is intended for non-French speaking students who wish to develop a high level of proficiency in both French and English. The program is based on the BC curriculum and the various learning opportunities, activities, instruction, and resources parallel those of a neighborhood, English program.<\/p>\n<p>French Immersion is a program rather than a course. As such, it includes a variety of subjects where the instructional language is French. Students learn science, math, social studies and language arts in French. One purpose of the French Immersion Program is to provide a learning environment that allows students to acquire the language skills needed to proficiently communicate in French. The expectation is all members of the class consistently speak in French with peers as well as teachers. This becomes increasingly important at the secondary level as the students progressively take fewer courses in French.<\/p>\n<p>As a French Immersion student, you are attending a program of choice at Ecole Mark R. Isfeld School. If you choose to withdraw from this program prior to or during your grade eight school year you will be required to attend your catchment school. If your catchment school is not Ecole Mark R. Isfeld School you will be transferred to your catchment school (Lake Trail, Cumberland, GP Vanier or Highland).<\/p>\n<h4 style=\"margin-bottom: 15px;\">French Immersion Courses<\/h4>\n<hr \/>\n<table class=\"small-indent french-courses-table\">\n<tbody>\n<tr>\n<td><strong>Grade 8<\/strong><\/td>\n<td><strong>Grade 9<\/strong><\/td>\n<td><strong>Grade 10<\/strong><\/td>\n<td><strong>Grade 11<\/strong><\/td>\n<td><strong>Grade 12<\/strong><\/td>\n<\/tr>\n<tr>\n<td>\n<ul>\n<li>Math\u00e9matiques<\/li>\n<li>Sciences Naturelles<\/li>\n<li>Sciences Humaines<\/li>\n<li>Fran\u00e7ais Langue<\/li>\n<\/ul>\n<\/td>\n<td>\n<ul>\n<li>Math\u00e9matiques<\/li>\n<li>Sciences Naturelles<\/li>\n<li>Sciences Humaines<\/li>\n<li>Fran\u00e7ais Langue<\/li>\n<\/ul>\n<\/td>\n<td>\n<ul>\n<li>Sciences Naturelles<\/li>\n<li>Sciences Humaines<\/li>\n<li>Fran\u00e7ais Langue<\/li>\n<\/ul>\n<\/td>\n<td>\n<ul>\n<li>Sciences Humaines<\/li>\n<li>Fran\u00e7ais Langue<\/li>\n<\/ul>\n<\/td>\n<td>\n<ul>\n<li>Fran\u00e7ais Langue<\/li>\n<\/ul>\n<\/td>\n<\/tr>\n<\/tbody>\n<\/table>\n<hr \/>\n<h5>Cultural Activities Throughout the Year<\/h5>\n<p>Since French is a minority language in our community, we feel it is key to create a French speaking culture within our classrooms and our entire school. When possible, we may organize a variety of the following events to allow our students a richer connection to the francophone community:<\/p>\n<ul>\n<li><strong>Grade 8<\/strong> and <strong>12 Beach Day<\/strong> in September where the grade 12s organize games for the new grade 8s. Welcome to the program, connections with older students who are finishing the program.<\/li>\n<li><strong>Souper de Noel:<\/strong> all grades in French Immersion participate in a traditional Qu\u00e9b\u00e9cois meal. Organized by the grade 12s.<\/li>\n<li><strong>Journ\u00e9e de la Franophonie:<\/strong> Grade 8s represent a country from around the world. Feeder schools attend.<\/li>\n<\/ul>\n<p><span style=\"font-size: 140%;\"><a href=\"https:\/\/experiencescanada.ca\/exchanges\/\">Experiences Canada<\/a><\/span><\/p>\n<ul>\n<li>Concours d&#8217;art oratoire<\/li>\n<li>Th\u00e9\u00e2tre la Seizi\u00e8me<\/li>\n<li>Cabane \u00e0 sucre or Carnaval celebrations<\/li>\n<li>French Movie Day at a local cinema<\/li>\n<li>Other cultural presenters<\/li>\n<li>&#8220;One for one&#8221; exchanges are available to France and other countries through SD71&#8217;s international student program<\/li>\n<li><a href=\"https:\/\/studyinbritishcolumbia.com\/programs\/exchange-program\/\">Study in British Columbia Exchange Program<\/a><\/li>\n<\/ul>\n<h5>Connections with Feeder Schools<\/h5>\n<p>Grade 11s are paired with a grade 1 or 2 class at Robb Road.<\/p>\n<p><strong>Extra Assistance Available:<\/strong> Homework club on Tuesday mornings from 8am &#8211; 9am in room 100. French Immersion grade 12 students available to assist students. French Immersion educational assistant, Mme. Beaulieu, is also available during that time.<\/p>\n<hr \/>\n<h3>Parents! Are you interested in improving <strong>your<\/strong> French?<\/h3>\n<p>This is a link to Beginner French Lessons for SD71 French Immersion parents sponsored by Canadian parents for French. This link to current offerings of French courses for parents of Immersion students.<\/p>\n<ul>\n<li><a href=\"https:\/\/www.comoxvalleyschools.ca\/mark-isfeld-secondary\/wp-content\/uploads\/sites\/44\/2021\/08\/CPF-Beginner-French-Lessons.pdf\">CPF Beginner French Lessons<\/a><\/li>\n<li><a href=\"https:\/\/ab.cpf.ca\/en\/event\/french-for-parents-enhanced-self-guided-french-course-level-1\/#new_tab\">https:\/\/bc-yk.cpf.ca\/en\/free-french-for-parents-classes\/<\/a><\/li>\n<\/ul>\n<p><strong>Canadian Parents for French<\/strong><\/p>\n<p>The BC \/ Yukon sit of the CPF is a very rich resource for both students and parents involved in Immersion. There are ideas for homework help, links to resources to practice oral and listening skills, blog posts, and articles concerning all aspects of French Immersion.<\/p>\n<ul>\n<li><a href=\"https:\/\/bc-yk.cpf.ca\/en\/\">Canadian Parents for French<\/a><\/li>\n<\/ul>\n<\/div><\/section><\/div>\n","protected":false},"excerpt":{"rendered":"","protected":false},"author":9,"featured_media":0,"parent":0,"menu_order":0,"comment_status":"closed","ping_status":"closed","template":"","meta":{"_monsterinsights_skip_tracking":false,"_monsterinsights_sitenote_active":false,"_monsterinsights_sitenote_note":"","_monsterinsights_sitenote_category":0,"footnotes":""},"tags":[],"class_list":["post-1642","page","type-page","status-publish","hentry"],"publishpress_future_action":{"enabled":false,"date":"2026-04-14 15:02:12","action":"change-status","newStatus":"draft","terms":[],"taxonomy":"post_tag","extraData":[]},"publishpress_future_workflow_manual_trigger":{"enabledWorkflows":[]},"_links":{"self":[{"href":"https:\/\/www.comoxvalleyschools.ca\/mark-isfeld-secondary\/wp-json\/wp\/v2\/pages\/1642","targetHints":{"allow":["GET"]}}],"collection":[{"href":"https:\/\/www.comoxvalleyschools.ca\/mark-isfeld-secondary\/wp-json\/wp\/v2\/pages"}],"about":[{"href":"https:\/\/www.comoxvalleyschools.ca\/mark-isfeld-secondary\/wp-json\/wp\/v2\/types\/page"}],"author":[{"embeddable":true,"href":"https:\/\/www.comoxvalleyschools.ca\/mark-isfeld-secondary\/wp-json\/wp\/v2\/users\/9"}],"replies":[{"embeddable":true,"href":"https:\/\/www.comoxvalleyschools.ca\/mark-isfeld-secondary\/wp-json\/wp\/v2\/comments?post=1642"}],"version-history":[{"count":32,"href":"https:\/\/www.comoxvalleyschools.ca\/mark-isfeld-secondary\/wp-json\/wp\/v2\/pages\/1642\/revisions"}],"predecessor-version":[{"id":15955,"href":"https:\/\/www.comoxvalleyschools.ca\/mark-isfeld-secondary\/wp-json\/wp\/v2\/pages\/1642\/revisions\/15955"}],"wp:attachment":[{"href":"https:\/\/www.comoxvalleyschools.ca\/mark-isfeld-secondary\/wp-json\/wp\/v2\/media?parent=1642"}],"wp:term":[{"taxonomy":"post_tag","embeddable":true,"href":"https:\/\/www.comoxvalleyschools.ca\/mark-isfeld-secondary\/wp-json\/wp\/v2\/tags?post=1642"}],"curies":[{"name":"wp","href":"https:\/\/api.w.org\/{rel}","templated":true}]}}